{"id":46,"date":"2016-07-24T09:59:41","date_gmt":"2016-07-24T12:59:41","guid":{"rendered":"http:\/\/nitrogenagro.com.br\/?page_id=46"},"modified":"2016-07-24T09:59:41","modified_gmt":"2016-07-24T12:59:41","slug":"sobre-a-nitrogen","status":"publish","type":"page","link":"http:\/\/nitrogenagro.com.br\/?page_id=46","title":{"rendered":"Sobre a Nitrogen"},"content":{"rendered":"<p>A Nitrogen Agro \u00e9 uma empresa focada na distribui\u00e7\u00e3o de Nitrog\u00eanio e S\u00eamen bovino. Criada pensando no produtor rural, seu trabalho \u00e9 feito todos os dias buscando oferecer o melhor produto e atendimento aos seus clientes!<\/p>\n","protected":false},"excerpt":{"rendered":"<p>A Nitrogen Agro \u00e9 uma empresa focada na distribui\u00e7\u00e3o de Nitrog\u00eanio e S\u00eamen bovino. Criada pensando no produtor rural, seu trabalho \u00e9 feito todos os dias buscando oferecer o melhor produto e atendimento aos seus clientes!<\/p>\n<a class=\"more-link\" rel=\"nofollow\" href=\"http:\/\/nitrogenagro.com.br\/?page_id=46\">[Ler mais...]<\/a>","protected":false},"author":1,"featured_media":0,"parent":0,"menu_order":0,"comment_status":"closed","ping_status":"closed","template":"","meta":[],"_links":{"self":[{"href":"http:\/\/nitrogenagro.com.br\/index.php?rest_route=\/wp\/v2\/pages\/46"}],"collection":[{"href":"http:\/\/nitrogenagro.com.br\/index.php?rest_route=\/wp\/v2\/pages"}],"about":[{"href":"http:\/\/nitrogenagro.com.br\/index.php?rest_route=\/wp\/v2\/types\/page"}],"author":[{"embeddable":true,"href":"http:\/\/nitrogenagro.com.br\/index.php?rest_route=\/wp\/v2\/users\/1"}],"replies":[{"embeddable":true,"href":"http:\/\/nitrogenagro.com.br\/index.php?rest_route=%2Fwp%2Fv2%2Fcomments&post=46"}],"version-history":[{"count":1,"href":"http:\/\/nitrogenagro.com.br\/index.php?rest_route=\/wp\/v2\/pages\/46\/revisions"}],"predecessor-version":[{"id":47,"href":"http:\/\/nitrogenagro.com.br\/index.php?rest_route=\/wp\/v2\/pages\/46\/revisions\/47"}],"wp:attachment":[{"href":"http:\/\/nitrogenagro.com.br\/index.php?rest_route=%2Fwp%2Fv2%2Fmedia&parent=46"}],"curies":[{"name":"wp","href":"https:\/\/api.w.org\/{rel}","templated":true}]}}